{"id":705,"date":"2018-06-26T05:13:29","date_gmt":"2018-06-26T03:13:29","guid":{"rendered":"http:\/\/wp.a-lan.se\/?page_id=705"},"modified":"2019-02-27T19:42:09","modified_gmt":"2019-02-27T18:42:09","slug":"kontakta-oss","status":"publish","type":"page","link":"https:\/\/a-lan.se\/?page_id=705","title":{"rendered":"Kontakta Oss"},"content":{"rendered":"<p>[wpforms id=&#8221;1126&#8243; title=&#8221;false&#8221; description=&#8221;true&#8221;]<\/p>\n<p>Det g\u00e5r \u00e4ven utm\u00e4rkt att kontakta oss p\u00e5 <a href=\"http:\/\/www.facebook.se\/askersundslan\/\" target=\"_blank\" rel=\"noopener noreferrer\">Facebook!<\/a><\/p>\n","protected":false},"excerpt":{"rendered":"<p>[wpforms id=&#8221;1126&#8243; title=&#8221;false&#8221; description=&#8221;true&#8221;] Det g\u00e5r \u00e4ven utm\u00e4rkt att kontakta oss p\u00e5 Facebook!<\/p>\n","protected":false},"author":783,"featured_media":0,"parent":0,"menu_order":0,"comment_status":"closed","ping_status":"closed","template":"","meta":{"colormag_page_layout":"default_layout","footnotes":""},"class_list":["post-705","page","type-page","status-publish","hentry"],"_links":{"self":[{"href":"https:\/\/a-lan.se\/index.php?rest_route=\/wp\/v2\/pages\/705","targetHints":{"allow":["GET"]}}],"collection":[{"href":"https:\/\/a-lan.se\/index.php?rest_route=\/wp\/v2\/pages"}],"about":[{"href":"https:\/\/a-lan.se\/index.php?rest_route=\/wp\/v2\/types\/page"}],"author":[{"embeddable":true,"href":"https:\/\/a-lan.se\/index.php?rest_route=\/wp\/v2\/users\/783"}],"replies":[{"embeddable":true,"href":"https:\/\/a-lan.se\/index.php?rest_route=%2Fwp%2Fv2%2Fcomments&post=705"}],"version-history":[{"count":9,"href":"https:\/\/a-lan.se\/index.php?rest_route=\/wp\/v2\/pages\/705\/revisions"}],"predecessor-version":[{"id":1170,"href":"https:\/\/a-lan.se\/index.php?rest_route=\/wp\/v2\/pages\/705\/revisions\/1170"}],"wp:attachment":[{"href":"https:\/\/a-lan.se\/index.php?rest_route=%2Fwp%2Fv2%2Fmedia&parent=705"}],"curies":[{"name":"wp","href":"https:\/\/api.w.org\/{rel}","templated":true}]}}