{"id":5430,"date":"2024-09-09T17:23:44","date_gmt":"2024-09-09T15:23:44","guid":{"rendered":"https:\/\/a-lan.se\/?page_id=5430"},"modified":"2024-09-09T17:26:25","modified_gmt":"2024-09-09T15:26:25","slug":"register","status":"publish","type":"page","link":"https:\/\/a-lan.se\/?page_id=5430","title":{"rendered":"Register"},"content":{"rendered":"\n<div class=\"um um-register um-5432\">\n\t<div class=\"um-form\" data-mode=\"register\">\n\t\t<form method=\"post\" action=\"\">\n\t\t\t<div class=\"um-row _um_row_1 \" style=\"margin: 0 0 30px 0;\"><div class=\"um-col-1\"><div  id=\"um_field_5432_user_login\" class=\"um-field um-field-text  um-field-user_login um-field-text um-field-type_text\" data-key=\"user_login\"><div class=\"um-field-label\"><label for=\"user_login-5432\">Anv\u00e4ndarnamn<span class=\"um-req\" title=\"\ufeffObligatoriskt\">*<\/span><\/label><div class=\"um-clear\"><\/div><\/div><div class=\"um-field-area\"><div class=\"um-field-icon\"><i class=\"um-faicon-user\"><\/i><\/div><input  autocomplete=\"off\" class=\"um-form-field valid um-iconed \" type=\"text\" name=\"user_login-5432\" id=\"user_login-5432\" value=\"\" placeholder=\"\" data-validate=\"unique_username\" data-key=\"user_login\"  aria-invalid=\"false\" \/>\n\n\t\t\t\t\t\t<\/div><\/div><div  id=\"um_field_5432_user_email\" class=\"um-field um-field-text  um-field-user_email um-field-text um-field-type_text\" data-key=\"user_email\"><div class=\"um-field-label\"><label for=\"user_email-5432\">E-postadress<span class=\"um-req\" title=\"\ufeffObligatoriskt\">*<\/span><\/label><div class=\"um-clear\"><\/div><\/div><div class=\"um-field-area\"><div class=\"um-field-icon\"><i class=\"um-icon-at\"><\/i><\/div><input  autocomplete=\"off\" class=\"um-form-field valid um-iconed \" type=\"text\" name=\"user_email-5432\" id=\"user_email-5432\" value=\"\" placeholder=\"\" data-validate=\"unique_email\" data-key=\"user_email\"  aria-invalid=\"false\" \/>\n\n\t\t\t\t\t\t<\/div><\/div><div  id=\"um_field_5432_user_password\" class=\"um-field um-field-password  um-field-user_password um-field-password um-field-type_password\" data-key=\"user_password\"><div class=\"um-field-label\"><label for=\"user_password-5432\">L\u00f6senord<span class=\"um-req\" title=\"\ufeffObligatoriskt\">*<\/span><\/label><span class=\"um-tip um-tip-w\" title=\"8-30 tecken. Minst 1 stor bokstav, 1 liten bokstav och 1 siffra\"><i class=\"um-icon-help-circled\"><\/i><\/span><div class=\"um-clear\"><\/div><\/div><div class=\"um-field-area\"><div class=\"um-field-icon\"><i class=\"um-icon-android-unlock\"><\/i><\/div><input class=\"um-form-field valid um-iconed \" type=\"password\" name=\"user_password-5432\" id=\"user_password-5432\" value=\"\" placeholder=\"\" data-validate=\"\" data-key=\"user_password\"  aria-invalid=\"false\" \/>\n\n\t\t\t\t\t\t\t<\/div><\/div><div  id=\"um_field_5432_confirm_user_password\" class=\"um-field um-field-password  um-field-user_password um-field-password um-field-type_password\" data-key=\"confirm_user_password\"><div class=\"um-field-label\"><label for=\"confirm_user_password-5432\">Bekr\u00e4fta L\u00f6senord<span class=\"um-req\" title=\"\ufeffObligatoriskt\">*<\/span><\/label><div class=\"um-clear\"><\/div><\/div><div class=\"um-field-area\"><div class=\"um-field-icon\"><i class=\"um-icon-android-unlock\"><\/i><\/div><input class=\"um-form-field valid um-iconed \" type=\"password\" name=\"confirm_user_password-5432\" id=\"confirm_user_password-5432\" value=\"\" placeholder=\"Bekr\u00e4fta L\u00f6senord\" data-validate=\"\" data-key=\"confirm_user_password\"  aria-invalid=\"false\" \/><\/div><\/div><div  id=\"um_field_5432_first_name\" class=\"um-field um-field-text  um-field-first_name um-field-text um-field-type_text\" data-key=\"first_name\"><div class=\"um-field-label\"><label for=\"first_name-5432\">F\u00f6rnamn<span class=\"um-req\" title=\"\ufeffObligatoriskt\">*<\/span><\/label><div class=\"um-clear\"><\/div><\/div><div class=\"um-field-area\"><div class=\"um-field-icon\"><i class=\"um-icon-android-contact\"><\/i><\/div><input  autocomplete=\"off\" class=\"um-form-field valid um-iconed \" type=\"text\" name=\"first_name-5432\" id=\"first_name-5432\" value=\"\" placeholder=\"\" data-validate=\"\" data-key=\"first_name\"  aria-invalid=\"false\" \/>\n\n\t\t\t\t\t\t<\/div><\/div><div  id=\"um_field_5432_last_name\" class=\"um-field um-field-text  um-field-last_name um-field-text um-field-type_text\" data-key=\"last_name\"><div class=\"um-field-label\"><label for=\"last_name-5432\">Efternamn<span class=\"um-req\" title=\"\ufeffObligatoriskt\">*<\/span><\/label><div class=\"um-clear\"><\/div><\/div><div class=\"um-field-area\"><div class=\"um-field-icon\"><i class=\"um-icon-android-contact\"><\/i><\/div><input  autocomplete=\"off\" class=\"um-form-field valid um-iconed \" type=\"text\" name=\"last_name-5432\" id=\"last_name-5432\" value=\"\" placeholder=\"\" data-validate=\"\" data-key=\"last_name\"  aria-invalid=\"false\" \/>\n\n\t\t\t\t\t\t<\/div><\/div><div  id=\"um_field_5432_nickname\" class=\"um-field um-field-text  um-field-nickname um-field-text um-field-type_text\" data-key=\"nickname\"><div class=\"um-field-label\"><label for=\"nickname-5432\">Smeknamn<span class=\"um-req\" title=\"\ufeffObligatoriskt\">*<\/span><\/label><div class=\"um-clear\"><\/div><\/div><div class=\"um-field-area\"><div class=\"um-field-icon\"><i class=\"um-icon-android-happy\"><\/i><\/div><input  autocomplete=\"off\" class=\"um-form-field valid um-iconed \" type=\"text\" name=\"nickname-5432\" id=\"nickname-5432\" value=\"\" placeholder=\"\" data-validate=\"\" data-key=\"nickname\"  aria-invalid=\"false\" \/>\n\n\t\t\t\t\t\t<\/div><\/div><div  id=\"um_field_5432_personnummer_true\" class=\"um-field um-field-text  um-field-personnummer_true um-field-text um-field-type_text\" data-key=\"personnummer_true\"><div class=\"um-field-label\"><label for=\"personnummer_true-5432\">Personnummer (endast synligt f\u00f6r dig)<span class=\"um-req\" title=\"\ufeffObligatoriskt\">*<\/span><\/label><span class=\"um-tip um-tip-w\" title=\"Inkludera de 4 sista siffrorna i ditt personnummer.\"><i class=\"um-icon-help-circled\"><\/i><\/span><div class=\"um-clear\"><\/div><\/div><div class=\"um-field-area\"><div class=\"um-field-icon\"><i class=\"um-icon-android-calendar\"><\/i><\/div><input  autocomplete=\"off\" class=\"um-form-field valid um-iconed \" type=\"text\" name=\"personnummer_true-5432\" id=\"personnummer_true-5432\" value=\"\" placeholder=\"199202161234\" data-validate=\"numeric\" data-key=\"personnummer_true\"  aria-invalid=\"false\" \/>\n\n\t\t\t\t\t\t<\/div><\/div><div  id=\"um_field_5432_adress\" class=\"um-field um-field-text  um-field-adress um-field-text um-field-type_text\" data-key=\"adress\"><div class=\"um-field-label\"><label for=\"adress-5432\">Gatuadress (endast synligt f\u00f6r dig)<span class=\"um-req\" title=\"\ufeffObligatoriskt\">*<\/span><\/label><span class=\"um-tip um-tip-w\" title=\"Fyll i gatunamn inkl. nr om det finns.\"><i class=\"um-icon-help-circled\"><\/i><\/span><div class=\"um-clear\"><\/div><\/div><div class=\"um-field-area\"><div class=\"um-field-icon\"><i class=\"um-icon-android-home\"><\/i><\/div><input  autocomplete=\"off\" class=\"um-form-field valid um-iconed \" type=\"text\" name=\"adress-5432\" id=\"adress-5432\" value=\"\" placeholder=\"Storgatan 1337\" data-validate=\"\" data-key=\"adress\"  aria-invalid=\"false\" \/>\n\n\t\t\t\t\t\t<\/div><\/div><div  id=\"um_field_5432_city\" class=\"um-field um-field-text  um-field-city um-field-text um-field-type_text\" data-key=\"city\"><div class=\"um-field-label\"><label for=\"city-5432\">Ort (endast synligt f\u00f6r dig)<span class=\"um-req\" title=\"\ufeffObligatoriskt\">*<\/span><\/label><div class=\"um-clear\"><\/div><\/div><div class=\"um-field-area\"><div class=\"um-field-icon\"><i class=\"um-icon-android-home\"><\/i><\/div><input  autocomplete=\"off\" class=\"um-form-field valid um-iconed \" type=\"text\" name=\"city-5432\" id=\"city-5432\" value=\"\" placeholder=\"Stockholm\" data-validate=\"\" data-key=\"city\"  aria-invalid=\"false\" \/>\n\n\t\t\t\t\t\t<\/div><\/div><div  id=\"um_field_5432_postnr\" class=\"um-field um-field-text  um-field-postnr um-field-text um-field-type_text\" data-key=\"postnr\"><div class=\"um-field-label\"><label for=\"postnr-5432\">Postnummer (endast synligt f\u00f6r dig)<span class=\"um-req\" title=\"\ufeffObligatoriskt\">*<\/span><\/label><span class=\"um-tip um-tip-w\" title=\"5 siffror\"><i class=\"um-icon-help-circled\"><\/i><\/span><div class=\"um-clear\"><\/div><\/div><div class=\"um-field-area\"><div class=\"um-field-icon\"><i class=\"um-icon-android-home\"><\/i><\/div><input  autocomplete=\"off\" class=\"um-form-field valid um-iconed \" type=\"text\" name=\"postnr-5432\" id=\"postnr-5432\" value=\"\" placeholder=\"71634\" data-validate=\"numeric\" data-key=\"postnr\"  aria-invalid=\"false\" \/>\n\n\t\t\t\t\t\t<\/div><\/div><div  id=\"um_field_5432_mobile_number\" class=\"um-field um-field-tel  um-field-mobile_number um-field-tel um-field-type_tel\" data-key=\"mobile_number\"><div class=\"um-field-label\"><label for=\"mobile_number-5432\">Mobilnummer<span class=\"um-req\" title=\"\ufeffObligatoriskt\">*<\/span><\/label><div class=\"um-clear\"><\/div><\/div><div class=\"um-field-area\"><div class=\"um-field-icon\"><i class=\"um-faicon-mobile\"><\/i><\/div><input  autocomplete=\"off\" class=\"um-form-field valid um-iconed \" type=\"tel\" name=\"mobile_number-5432\" id=\"mobile_number-5432\" value=\"\" placeholder=\"\" data-validate=\"phone_number\" data-key=\"mobile_number\"  aria-invalid=\"false\" \/>\n\n\t\t\t\t\t\t<\/div><\/div><div  id=\"um_field_5432_under_age\" class=\"um-field um-field-checkbox  um-field-under_age um-field-checkbox um-field-type_checkbox\" data-key=\"under_age\"  aria-invalid=\"false\" ><div class=\"um-field-label\"><label for=\"under_age-5432\">Jag \u00e4r under 18 \u00e5r.<\/label><span class=\"um-tip um-tip-w\" title=\"\u00c4r du under 18 beh\u00f6vs kontaktuppgifter till din m\u00e5lsman f\u00f6r att du ska f\u00e5 delta p\u00e5 LAN.\"><i class=\"um-icon-help-circled\"><\/i><\/span><div class=\"um-clear\"><\/div><\/div><div class=\"um-field-area\"><label class=\"um-field-checkbox  um-field-half \"><input   type=\"checkbox\" name=\"under_age[]\" value=\"Ja\"  \/><span class=\"um-field-checkbox-state\"><i class=\"um-icon-android-checkbox-outline-blank\"><\/i><\/span><span class=\"um-field-checkbox-option\">Ja<\/span><\/label><div class=\"um-clear\"><\/div><\/div><\/div><div  id=\"um_field_5432_guardian_name\" class=\"um-field um-field-text  um-is-conditional um-field-guardian_name um-field-text um-field-type_text\" data-key=\"guardian_name\" data-cond-0-action=\"show\" data-cond-0-field=\"under_age\" data-cond-0-operator=\"contains\" data-cond-0-value=\"Ja\"><div class=\"um-field-label\"><label for=\"guardian_name-5432\">F\u00f6r\u00e4lder\/M\u00e5lsman namn (endast synligt f\u00f6r oss och dig).<\/label><span class=\"um-tip um-tip-w\" title=\"Namnet p\u00e5 din f\u00f6r\u00e4lder eller m\u00e5lsman som vi kan kontakta om n\u00e5got h\u00e4nder dig.\"><i class=\"um-icon-help-circled\"><\/i><\/span><div class=\"um-clear\"><\/div><\/div><div class=\"um-field-area\"><div class=\"um-field-icon\"><i class=\"um-icon-android-contact\"><\/i><\/div><input  autocomplete=\"off\" class=\"um-form-field valid not-required um-iconed \" type=\"text\" name=\"guardian_name-5432\" id=\"guardian_name-5432\" value=\"\" placeholder=\"\" data-validate=\"\" data-key=\"guardian_name\"  aria-invalid=\"false\" \/>\n\n\t\t\t\t\t\t<\/div><\/div><div  id=\"um_field_5432_guardian_number\" class=\"um-field um-field-text  um-is-conditional um-field-guardian_number um-field-text um-field-type_text\" data-key=\"guardian_number\" data-cond-0-action=\"show\" data-cond-0-field=\"under_age\" data-cond-0-operator=\"contains\" data-cond-0-value=\"Ja\"><div class=\"um-field-label\"><label for=\"guardian_number-5432\">Telefonnummer till F\u00f6r\u00e4lder\/M\u00e5lsman (endast synligt f\u00f6r oss och dig)<\/label><span class=\"um-tip um-tip-w\" title=\"Nummer till din f\u00f6r\u00e4lder eller m\u00e5lsman s\u00e5 att vi kan ringa dem om det h\u00e4nder dig n\u00e5got.\"><i class=\"um-icon-help-circled\"><\/i><\/span><div class=\"um-clear\"><\/div><\/div><div class=\"um-field-area\"><div class=\"um-field-icon\"><i class=\"um-icon-android-call\"><\/i><\/div><input  autocomplete=\"off\" class=\"um-form-field valid not-required um-iconed \" type=\"text\" name=\"guardian_number-5432\" id=\"guardian_number-5432\" value=\"\" placeholder=\"\" data-validate=\"\" data-key=\"guardian_number\"  aria-invalid=\"false\" \/>\n\n\t\t\t\t\t\t<\/div><\/div><div  id=\"um_field_5432_gender\" class=\"um-field um-field-radio  um-field-gender um-field-radio um-field-type_radio\" data-key=\"gender\"  aria-invalid=\"false\" ><div class=\"um-field-label\"><label for=\"gender-5432\">K\u00f6n<span class=\"um-req\" title=\"\ufeffObligatoriskt\">*<\/span><\/label><div class=\"um-clear\"><\/div><\/div><div class=\"um-field-area\"><label class=\"um-field-radio  um-field-half \"><input  type=\"radio\" name=\"gender[]\" value=\"Man\"  \/><span class=\"um-field-radio-state\"><i class=\"um-icon-android-radio-button-off\"><\/i><\/span><span class=\"um-field-radio-option\">Man<\/span><\/label><label class=\"um-field-radio  um-field-half  right \"><input  type=\"radio\" name=\"gender[]\" value=\"Kvinna\"  \/><span class=\"um-field-radio-state\"><i class=\"um-icon-android-radio-button-off\"><\/i><\/span><span class=\"um-field-radio-option\">Kvinna<\/span><\/label><div class=\"um-clear\"><\/div><label class=\"um-field-radio  um-field-half \"><input  type=\"radio\" name=\"gender[]\" value=\"Annat\"  \/><span class=\"um-field-radio-state\"><i class=\"um-icon-android-radio-button-off\"><\/i><\/span><span class=\"um-field-radio-option\">Annat<\/span><\/label><label class=\"um-field-radio  um-field-half  right \"><input  type=\"radio\" name=\"gender[]\" value=\"Vill ej specificera\"  \/><span class=\"um-field-radio-state\"><i class=\"um-icon-android-radio-button-off\"><\/i><\/span><span class=\"um-field-radio-option\">Vill ej specificera<\/span><\/label><div class=\"um-clear\"><\/div><div class=\"um-clear\"><\/div><\/div><\/div><\/div><\/div>\n<!-- This file should primarily consist of HTML with a little bit of PHP. -->\n<div class=\"um-field um-field-type_terms_conditions\" data-key=\"use_terms_conditions_agreement\" style=\"display:block;padding:0;\">\n\t<div class=\"um-field-area\">\n\t\t<div class=\"um-gdpr-content\" style=\"display:none;\">\n\t\t\t\n<h1 class=\"wp-block-heading\">Integritetspolicy<\/h1>\n\n\n\n<h2 class=\"wp-block-heading\">Vilka personuppgifter vi samlar in och varf\u00f6r vi samlar in dem<\/h2>\n\n\n\n<h3 class=\"wp-block-heading\">Kommentarer<\/h3>\n\n\n\n<p>N\u00e4r bes\u00f6kare l\u00e4mnar kommentarer p\u00e5 webbplatsen samlar vi in de uppgifter som visas i kommentarsformul\u00e4ret samt bes\u00f6karens ip-adress och user agent-str\u00e4ng som hj\u00e4lp f\u00f6r detektering av skr\u00e4pmeddelanden.<\/p>\n\n\n\n<p>En anonymiserad str\u00e4ng som skapats utifr\u00e5n din e-postadress (\u00e4ven kallat hash-v\u00e4rde) kan komma att s\u00e4ndas till tj\u00e4nsten Gravatar f\u00f6r att avg\u00f6ra om du finns registrerad d\u00e4r. Integritetspolicyn f\u00f6r tj\u00e4nsten Gravatar finns p\u00e5 https:\/\/automattic.com\/privacy\/. N\u00e4r din kommentar har godk\u00e4nts kommer din profilbild att visas publikt tillsammans med din kommentar.<\/p>\n\n\n\n<h3 class=\"wp-block-heading\">Media<\/h3>\n\n\n\n<p>Om du laddar upp bilder till webbplatsen b\u00f6r du undvika att ladda upp bilder d\u00e4r EXIF-data inkluderar data fr\u00e5n GPS-lokalisering. Bes\u00f6kare till webbplatsen kan ladda ned och ta fram alla positioneringsuppgifter fr\u00e5n bilder p\u00e5 webbplatsen.<\/p>\n\n\n\n<h3 class=\"wp-block-heading\">Cookie-filer<\/h3>\n\n\n\n<p>Om du l\u00e4mnar en kommentar p\u00e5 v\u00e5r webbplats kan du v\u00e4lja att spara ditt namn, din e-postadress och webbplatsadress i cookie-filer. Detta \u00e4r f\u00f6r din bekv\u00e4mlighet f\u00f6r att du inte ska beh\u00f6va fylla i dessa uppgifter igen n\u00e4sta g\u00e5ng du skriver en kommentar. Dessa cookie-filer g\u00e4ller i ett \u00e5r.<\/p>\n\n\n\n<p>Om du har ett konto och loggar in p\u00e5 denna webbplats kommer vi att skapa en tillf\u00e4llig cookie-fil f\u00f6r att kontrollera om din webbl\u00e4sare accepterar cookie-filer. Denna cookie-fil inneh\u00e5ller ingen personligt identifierbar information och f\u00f6rsvinner n\u00e4r du st\u00e4nger din webbl\u00e4sare.<\/p>\n\n\n\n<p>N\u00e4r du loggar in kommer vi dessutom att skapa flera cookie-filer f\u00f6r att spara information om din inloggning och dina val f\u00f6r utformning av sk\u00e4rmlayouten. Cookie-filer f\u00f6r inloggning g\u00e4ller i tv\u00e5 dagar och cookie-filer f\u00f6r layoutval g\u00e4ller i ett \u00e5r. Om du kryssar i \u201dKom ih\u00e5g mig\u201d kommer din cookie att finnas kvar i tv\u00e5 veckor. Om du loggar ut fr\u00e5n ditt konto kommer cookie-filerna f\u00f6r inloggning att tas bort.<\/p>\n\n\n\n<p>Om du redigerar eller publicerar en artikel kommer en extra cookie-fil att sparas i din webbl\u00e4sare. Denna cookie-fil inneh\u00e5ller inga personuppgifter utan anger endast inl\u00e4ggs-ID f\u00f6r den artikel du just redigerade. Den g\u00e4ller under 1 dygn.<\/p>\n\n\n\n<h3 class=\"wp-block-heading\">Inb\u00e4ddad inneh\u00e5ll fr\u00e5n andra webbplatser<\/h3>\n\n\n\n<p>Artiklar p\u00e5 denna webbplats kan inneh\u00e5lla inb\u00e4ddat inneh\u00e5ll (exempelvis videoklipp, bilder, artiklar o.s.v.). Inb\u00e4ddat inneh\u00e5ll fr\u00e5n andra webbplatser beter sig precis p\u00e5 samma s\u00e4tt som om bes\u00f6karen har bes\u00f6kt den andra webbplatsen.<\/p>\n\n\n\n<p>Dessa webbplatser kan samla in uppgifter om dig, anv\u00e4nda cookie-filer, b\u00e4dda in ytterligare sp\u00e5rning fr\u00e5n tredje part och \u00f6vervaka din interaktion med sagda inb\u00e4ddade inneh\u00e5ll, inklusive sp\u00e5rning av din interaktion med detta inb\u00e4ddade inneh\u00e5ll om du har ett konto och \u00e4r inloggad p\u00e5 webbplatsen i fr\u00e5ga.<\/p>\n\n\n\n<h2 class=\"wp-block-heading\">Vilka vi delar dina data med<\/h2>\n\n\n\n<h2 class=\"wp-block-heading\">Hur l\u00e4nge vi beh\u00e5ller era uppgifter<\/h2>\n\n\n\n<p>Om du skriver en kommentar kommer kommentaren och dess metadata att sparas utan tidsgr\u00e4ns. Anledningen till detta \u00e4r att vi beh\u00f6ver kunna hitta och godk\u00e4nna uppf\u00f6ljningskommentarer automatiskt och inte l\u00e4gga dem i k\u00f6 f\u00f6r granskning.<\/p>\n\n\n\n<p>F\u00f6r anv\u00e4ndare som registrerar sig p\u00e5 v\u00e5r webbplats sparar vi \u00e4ven de personuppgifter de anger i sin anv\u00e4ndarprofil. Alla anv\u00e4ndare kan se, redigera eller radera sina personuppgifter n\u00e4r som helst (med undantaget att de inte kan \u00e4ndra sitt anv\u00e4ndarnamn). \u00c4ven webbplatsens administrat\u00f6rer kan se och redigera denna information.<\/p>\n\n\n\n<h2 class=\"wp-block-heading\">Vilka r\u00e4ttigheter du har \u00f6ver dina data<\/h2>\n\n\n\n<p>Om du har ett konto eller har skrivit n\u00e5gra kommentarer p\u00e5 denna webbplats kan du beg\u00e4ra en exportfil med de personuppgifter vi har om dig, inklusive alla uppgifter du har gett oss. Du kan ocks\u00e5 beg\u00e4ra att vi tar bort alla personuppgifter vi har om dig. Detta omfattar inte eventuella uppgifter som vi \u00e4r tvungna att spara av administrativa, legala eller s\u00e4kerhets\u00e4ndam\u00e5l.<\/p>\n\n\n\n<h2 class=\"wp-block-heading\">Vart vi skickar dina uppgifter<\/h2>\n\n\n\n<p>Kommentarer fr\u00e5n bes\u00f6kare kanske kontrolleras via en automatiserad tj\u00e4nst f\u00f6r detektering av skr\u00e4ppost.<\/p>\n\t\t<\/div>\n\t\t<a href=\"javascript:void(0);\" class=\"um-toggle-gdpr\" data-toggle-state=\"hidden\"\n\t\t\tdata-toggle-show=\"Visa Integritetspolicyn\"\n\t\t\tdata-toggle-hide=\"D\u00f6lj Integritetspolicyn\">\n\t\t\tVisa Integritetspolicyn\t\t<\/a>\n\t<\/div>\n\t<div class=\"um-field-area\">\n\t\t<label class=\"um-field-checkbox\">\n\t\t\t<input type=\"checkbox\" name=\"use_gdpr_agreement\" value=\"1\">\n\t\t\t<span class=\"um-field-checkbox-state\"><i class=\"um-icon-android-checkbox-outline-blank\"><\/i><\/span>\n\t\t\t<span class=\"um-field-checkbox-option\">Du m\u00e5ste acceptera v\u00e5r integritetspolicy<\/span>\n\t\t<\/label>\n\t\t<div class=\"um-clear\"><\/div>\n\t\t\t\t<div class=\"um-clear\"><\/div>\n\t<\/div>\n<\/div>\n\n<div class=\"um-field um-field-type_terms_conditions\"  data-key=\"use_terms_conditions_agreement\" style=\"display: block;padding:0px\">\n\t<div class=\"um-field-area\">\n\t\t<div class=\"um-terms-conditions-content\" style=\"display:none\">\n\t\t\t\t\t\t\t\t<a href=\"javascript:void(0);\" class=\"um-hide-terms\">\n\t\t\t\t\t\tD\u00f6lj Villkor & Regler\t\t\t\t\t<\/a>\n\n\t\t\t\t\t<h1>Villkor &amp; Regler<\/h1>\n<ul>\n<li>Vid anm\u00e4lan till ett event\/LAN accepterar du att du samtidigt blir medlem i f\u00f6reningen AskersundsLAN.<\/li>\n<li>Medlemsavgiften \u00e4r 50 SEK per \u00e5r och inkluderas automatiskt i avgiften f\u00f6r tilltr\u00e4de till medlemmens f\u00f6rsta event\/LAN per \u00e5r.<\/li>\n<li>Alkohol och narkotika tolereras ej under v\u00e5ra event\/LAN, oavsett form. Den som ertappas med alkohol\/narkotika eller visar sig vara p\u00e5verkad utav alkohol\/narkotika, blir omedelbart avhyst och svartlistad fr\u00e5n A-LAN.<\/li>\n<li>R\u00f6kning tolereras ej inomhus. A-LAN f\u00f6rbeh\u00e5ller sig r\u00e4tten att omedelbart avhysa och svartlista den som r\u00f6ker inomhus.<\/li>\n<li>Varje deltagare \u00e4r personligen ansvarig f\u00f6r sina handlingar, och kommer att h\u00e5llas ers\u00e4ttningsskyldig av A-LAN f\u00f6r eventuella skador orsakat av medlemmen p\u00e5 lokal eller material. Medveten skadeg\u00f6relse \u00e4r grund f\u00f6r avhysning och svartlistning.<\/li>\n<li>A-LAN tar inget ansvar f\u00f6r trafiken p\u00e5 n\u00e4tverket eller inneh\u00e5ll i deltagares datorer. A-LAN tar heller inte n\u00e5got ansvar f\u00f6r viruskontroll, skador p\u00e5 deltagarnas utrustning, eller f\u00f6rlust av data eller medhavd utrustning. Dock kommer vi naturligtvis arbeta f\u00f6r att v\u00e5ra event\/LAN ska bli s\u00e5 s\u00e4kra och trevliga som m\u00f6jligt.<\/li>\n<li>Crew i A-LAN, tillsammans med utsedda fotograf-ansvariga, kommer att fotografera och eventuellt filma under v\u00e5ra event\/LAN, och det materialet kan komma att publiceras i b\u00e5de retuscherad och oretuscherad form p\u00e5 A-LANs hemsida och \u00f6vriga medier i A-LANs namn. Deltagare p\u00e5 v\u00e5ra event\/LAN godk\u00e4nner i och med sin anm\u00e4lan, att medvetet eller omedvetet synas i dessa bilder eller filmer\/videor.<br \/>\nA-LAN \u00e4ger r\u00e4ttigheterna till bilder\/filmer\/videor som producerats under v\u00e5ra event\/LAN, och best\u00e4mmer env\u00e4ldigt \u00f6ver hur materialet anv\u00e4nds, eller inte anv\u00e4nds.<\/li>\n<li>Crew i A-LAN f\u00f6rbeh\u00e5ller sig r\u00e4tten att \u00e4ndra p\u00e5 priser och andra t\u00e4vlingsmoment d\u00e5 vi anser det vara befogat, och att vi inte genomf\u00f6r en t\u00e4vling som \u00e4r utannonserad pga l\u00e5gt deltagarantal eller \u00f6vriga hinder.<\/li>\n<li>Inbetalade avgifter \u00e5terbetalas inte vid avhysning, kr\u00e5nglande n\u00e4tverk eller el, eller andra liknande st\u00f6rningsmoment samt vid sen avanm\u00e4lan. Senast 2 dagar innan lanet startar s\u00e5 kan man inte f\u00e5 inbetald avgift tillbaka.<\/li>\n<li>Crew har r\u00e4tt att godtyckligt sl\u00e4ppa in tillf\u00e4lliga bes\u00f6kare (inte extra deltagare) till v\u00e5ra event\/LAN. F\u00f6r alla situationer som inte t\u00e4cks in av ovanst\u00e5ende regler g\u00e4ller att Crew&#8217;s ord \u00e4r lag.<\/li>\n<li>I \u00f6vrigt litar vi p\u00e5 deltagarnas k\u00e4nsla f\u00f6r ordning och reda, samt &#8220;sunt f\u00f6rnuft&#8221;, vad g\u00e4ller nedskr\u00e4pning och uppf\u00f6rande. Den som efter tills\u00e4gelse fortfarande inte f\u00f6rb\u00e4ttrar sitt beteende kan komma att bli utsl\u00e4ngd. F\u00f6r att uppr\u00e4tth\u00e5lla ordning under v\u00e5ra event\/LAN f\u00f6rbeh\u00e5ller sig Crew r\u00e4tten att neka personer tilltr\u00e4de till v\u00e5ra event\/LAN, och att n\u00e4r som helst avhysa den eller de som missk\u00f6ter sig.<\/li>\n<li>Det \u00e4r deltagarens skyldighet att h\u00e5lla sig informerad om v\u00e5ra kommande event\/LAN via v\u00e5r hemsida, sociala medier, eller genom att kontakta oss inf\u00f6r eller under v\u00e5ra event\/LAN. Det \u00e4r var deltagares skyldighet att uppm\u00e4rksamma de regler och best\u00e4mmelser som det informeras om av Crew i samband med start av varje event\/LAN.<\/li>\n<\/ul>\n\t\t<\/div>\n\t\t<a href=\"javascript:void(0);\" class=\"um-toggle-terms\" data-toggle-state=\"hidden\"\n\t\t   data-toggle-show=\"L\u00e4s Villkor &amp; Regler\"\n\t\t   data-toggle-hide=\"D\u00f6lj Villkor &amp; Regler\">\n\t\t\tL\u00e4s Villkor & Regler\t\t<\/a>\n\t<\/div>\n\t<div class=\"um-field-area\">\n\n\t\t<label class=\"um-field-checkbox\">\n\t\t\t<input type=\"checkbox\" name=\"use_terms_conditions_agreement\" value=\"1\">\n\t\t\t<span class=\"um-field-checkbox-state\">\n\t\t\t\t<i class=\"um-icon-android-checkbox-outline-blank\"><\/i>\n\t\t\t<\/span>\n\t\t\t<span class=\"um-field-checkbox-option\">\n\t\t\t\tJag godk\u00e4nner A-LANs Villkor & Regler.\t\t\t<\/span>\n\t\t<\/label>\n\t\t<div class=\"um-clear\"><\/div>\n\n\t\t\n\t\t<div class=\"um-clear\"><\/div>\n\t<\/div>\n<\/div>\n\t<input type=\"hidden\" name=\"form_id\" id=\"form_id_5432\" value=\"5432\" \/>\n\t\t<p class=\"um_request_name\">\n\t\t<label for=\"um_request_5432\">Only fill in if you are not human<\/label>\n\t\t<input type=\"hidden\" name=\"um_request\" id=\"um_request_5432\" class=\"input\" value=\"\" size=\"25\" autocomplete=\"off\" \/>\n\t<\/p>\n\t<input type=\"hidden\" id=\"_wpnonce\" name=\"_wpnonce\" value=\"c665075360\" \/><input type=\"hidden\" name=\"_wp_http_referer\" value=\"\/index.php?rest_route=%2Fwp%2Fv2%2Fpages%2F5430\" \/>\n\t<div class=\"um-col-alt\">\n\n\t\t\n\t\t\t<div class=\"um-left um-half\">\n\t\t\t\t<input type=\"submit\" value=\"Skapa Konto\" class=\"um-button\" id=\"um-submit-btn\" \/>\n\t\t\t<\/div>\n\t\t\t<div class=\"um-right um-half\">\n\t\t\t\t<a href=\"https:\/\/a-lan.se\/index.php\/login\/\" class=\"um-button um-alt\">\n\t\t\t\t\tMedlem? Logga in\t\t\t\t<\/a>\n\t\t\t<\/div>\n\n\t\t\n\t\t<div class=\"um-clear\"><\/div>\n\n\t<\/div>\n\n\t\t\t<\/form>\n\t<\/div>\n<\/div>\n<style>\n\t\t\t.um-5432.um {\n\t\t\tmax-width: 450px;\n\t\t}\n\t\t<\/style>\n\n","protected":false},"excerpt":{"rendered":"","protected":false},"author":2,"featured_media":0,"parent":0,"menu_order":0,"comment_status":"closed","ping_status":"closed","template":"","meta":{"colormag_page_layout":"default_layout","footnotes":""},"class_list":["post-5430","page","type-page","status-publish","hentry"],"_links":{"self":[{"href":"https:\/\/a-lan.se\/index.php?rest_route=\/wp\/v2\/pages\/5430","targetHints":{"allow":["GET"]}}],"collection":[{"href":"https:\/\/a-lan.se\/index.php?rest_route=\/wp\/v2\/pages"}],"about":[{"href":"https:\/\/a-lan.se\/index.php?rest_route=\/wp\/v2\/types\/page"}],"author":[{"embeddable":true,"href":"https:\/\/a-lan.se\/index.php?rest_route=\/wp\/v2\/users\/2"}],"replies":[{"embeddable":true,"href":"https:\/\/a-lan.se\/index.php?rest_route=%2Fwp%2Fv2%2Fcomments&post=5430"}],"version-history":[{"count":2,"href":"https:\/\/a-lan.se\/index.php?rest_route=\/wp\/v2\/pages\/5430\/revisions"}],"predecessor-version":[{"id":5433,"href":"https:\/\/a-lan.se\/index.php?rest_route=\/wp\/v2\/pages\/5430\/revisions\/5433"}],"wp:attachment":[{"href":"https:\/\/a-lan.se\/index.php?rest_route=%2Fwp%2Fv2%2Fmedia&parent=5430"}],"curies":[{"name":"wp","href":"https:\/\/api.w.org\/{rel}","templated":true}]}}