{"id":5201,"date":"2022-04-05T08:43:43","date_gmt":"2022-04-05T06:43:43","guid":{"rendered":"https:\/\/a-lan.se\/?page_id=5201"},"modified":"2022-04-05T08:45:27","modified_gmt":"2022-04-05T06:45:27","slug":"infor-lanet","status":"publish","type":"page","link":"https:\/\/a-lan.se\/?page_id=5201","title":{"rendered":"Inf\u00f6r lanet"},"content":{"rendered":"\n<p><\/p>\n\n\n\n<p>Vad ni beh\u00f6ver ha med er:<\/p>\n\n\n\n<p>*Komplett dator eller en annan konsol att spela p\u00e5 (ps,xbox)<\/p>\n\n\n\n<p>*N\u00e4tverkskabel ( min 5 M)<\/p>\n\n\n\n<p>*Grendosa<\/p>\n\n\n\n<p>*Sov saker<\/p>\n\n\n\n<p>*Glatt hum\u00f6r<\/p>\n\n\n\n<p>Insl\u00e4pp \u00e4r 18.00 prick! Om ni vet redan nu att ni kommer bli sena p\u00e5 fredagen (efter 20:00) meddela oss i A-Lan. Annars kommer vi sl\u00e4ppa platserna till dom som vill komma in p\u00e5 drop in vid 20.00.<\/p>\n","protected":false},"excerpt":{"rendered":"<p>Vad ni beh\u00f6ver ha med er: *Komplett dator eller en annan konsol att spela p\u00e5 (ps,xbox) *N\u00e4tverkskabel ( min 5<\/p>\n","protected":false},"author":2,"featured_media":0,"parent":0,"menu_order":0,"comment_status":"closed","ping_status":"closed","template":"","meta":{"colormag_page_layout":"default_layout","footnotes":""},"class_list":["post-5201","page","type-page","status-publish","hentry"],"_links":{"self":[{"href":"https:\/\/a-lan.se\/index.php?rest_route=\/wp\/v2\/pages\/5201","targetHints":{"allow":["GET"]}}],"collection":[{"href":"https:\/\/a-lan.se\/index.php?rest_route=\/wp\/v2\/pages"}],"about":[{"href":"https:\/\/a-lan.se\/index.php?rest_route=\/wp\/v2\/types\/page"}],"author":[{"embeddable":true,"href":"https:\/\/a-lan.se\/index.php?rest_route=\/wp\/v2\/users\/2"}],"replies":[{"embeddable":true,"href":"https:\/\/a-lan.se\/index.php?rest_route=%2Fwp%2Fv2%2Fcomments&post=5201"}],"version-history":[{"count":1,"href":"https:\/\/a-lan.se\/index.php?rest_route=\/wp\/v2\/pages\/5201\/revisions"}],"predecessor-version":[{"id":5202,"href":"https:\/\/a-lan.se\/index.php?rest_route=\/wp\/v2\/pages\/5201\/revisions\/5202"}],"wp:attachment":[{"href":"https:\/\/a-lan.se\/index.php?rest_route=%2Fwp%2Fv2%2Fmedia&parent=5201"}],"curies":[{"name":"wp","href":"https:\/\/api.w.org\/{rel}","templated":true}]}}