{"id":40,"date":"2017-12-03T17:50:34","date_gmt":"2017-12-03T16:50:34","guid":{"rendered":"http:\/\/wp.a-lan.se\/?page_id=40"},"modified":"2019-08-28T00:14:07","modified_gmt":"2019-08-27T22:14:07","slug":"om-oss","status":"publish","type":"page","link":"https:\/\/a-lan.se\/?page_id=40","title":{"rendered":"Om A-LAN"},"content":{"rendered":"<h2><strong>Vilka \u00e4r vi?<\/strong><\/h2>\n<p>A-LAN \u00e4r en f\u00f6rening som arbetar f\u00f6r att skapa evenemang och aktiviteter f\u00f6r m\u00e4nniskor i alla \u00e5ldrar, som bidrar till en st\u00f6rre gemenskap mellan orter och kommuner, och som ocks\u00e5 verkar som en kontrast till aktiviteter innefattande rus av olika slag, f\u00f6r att skapa en trygg milj\u00f6 d\u00e4r personer av alla \u00e5ldrar kan tr\u00e4ffas och ha roligt tillsammans utan inslag av alkohol eller narkotika.<\/p>\n<h2><strong>Bakgrund<\/strong><\/h2>\n<p>A-LAN &#8211; AskersundsLAN &#8211; har fr\u00e5n start k\u00f6rts helt p\u00e5 id\u00e9ell basis, och utan n\u00e5gon st\u00f6rre organisation. Det har hittills fungerat i stort sett utm\u00e4rkt, men nu k\u00e4nner vi att det \u00e4r dags att utveckla oss. Vi har d\u00e4rf\u00f6r antagit flera stora utmaningar f\u00f6r att kunna utveckla b\u00e5de f\u00f6reningen och oss sj\u00e4lva, f\u00f6r att kunna ge v\u00e5ra medlemmar roligare och mer omfattande aktiviteter, f\u00f6r att mer \u00e4n n\u00e5gonsin kunna bidra till f\u00f6reningslivet i S\u00f6dra N\u00e4rke.<\/p>\n<h2><strong>F\u00f6reningens bildande<\/strong><\/h2>\n<p>Inf\u00f6r v\u00e5rt LAN i augusti 2005 best\u00e4mde sig d\u00e5varande Crew f\u00f6r att det var dags att starta en f\u00f6rening p\u00e5 riktigt. Det h\u00f6lls ett f\u00f6rsta officiellt \u00e5rsm\u00f6te, fastst\u00e4lldes stadgar, och en styrelse valdes. D\u00e5 det formella stod klart, informerades deltagarna p\u00e5 v\u00e5rt LAN om de f\u00f6r\u00e4ndrade f\u00f6ruts\u00e4ttningarna. F\u00f6reningen mottogs med \u00f6ppna armar av deltagarna, och ett stort antal skrev in sig p\u00e5 plats som officiella medlemmar.<\/p>\n<p>N\u00e5gra m\u00e5nader senare var pappersarbetet avklarat. F\u00f6reningens n\u00e4sta utmaning var n\u00e4sta LAN under november m\u00e5nad &#8211; nummer tio i ordningen.<\/p>\n<h2>Medlemskap<\/h2>\n<p>Att vara medlem i A-LAN betyder mer \u00e4n att bara delta p\u00e5 de LAN som vi anordnar, \u00e4ven om du inte visste det!<\/p>\n<div class=\"art-postcontent clearfix\">\n<div class=\"art-article\">\n<p>Medlemskap i f\u00f6reningen ger f\u00f6ljande:<\/p>\n<ul>\n<li>Tilltr\u00e4de till f\u00f6reningens ordinarie LAN (sj\u00e4lvklart).<\/li>\n<li>Tilltr\u00e4de till f\u00f6reningens andra aktiviteter under \u00e5ret, t.ex. Go-Kart, Paintball och frist\u00e5ende turneringar.<\/li>\n<li>Tillg\u00e5ng till f\u00f6rhandsinfo om kommande evenemang.<\/li>\n<li>Tilltr\u00e4de till f\u00f6reningens \u00e5rsm\u00f6te och innefattande bokslut.<\/li>\n<li>Inblick i f\u00f6reningens tillv\u00e4gag\u00e5ngss\u00e4tt g\u00e4llande planering och utf\u00f6rande av aktiviteter och event.<\/li>\n<li>M\u00f6jlighet att p\u00e5verka f\u00f6reningens framtid, framtida aktiviteter och event.<\/li>\n<li>Ett gott samvete \u00f6ver att du \u00e4r med och bidrar till f\u00f6reningslivet!<\/li>\n<\/ul>\n<h2><strong>Fun Facts<\/strong><\/h2>\n<p>A-LAN &#8211; AskersundsLAN &#8211; \u00e4r anslutet till Sverok &#8211; Sveriges Rollspels- och Konfliktspelsf\u00f6rbund, Distrikt Svealand. L\u00e4s mer om Sverok p\u00e5 www.sverok.se<br \/>\nA-LAN &#8211; AskersundsLAN &#8211; \u00e4r erk\u00e4nt av Askersunds Kultur- och fritidsf\u00f6rvaltning, och listat p\u00e5 deras hemsida p\u00e5 www.askersund.se.<br \/>\nA-LAN\u00a0 &#8211; AskersundsLAN &#8211; \u00e4r registrerat hos skattemyndigheten som en ideell f\u00f6rening.<br \/>\nA-LAN\u00a0 &#8211; AskersundsLAN &#8211; har ett budget\u00e5r som l\u00f6per fr\u00e5n 1 januari till 31 december.<\/p>\n<\/div>\n<\/div>\n","protected":false},"excerpt":{"rendered":"<p>Vilka \u00e4r vi? A-LAN \u00e4r en f\u00f6rening som arbetar f\u00f6r att skapa evenemang och aktiviteter f\u00f6r m\u00e4nniskor i alla \u00e5ldrar,<\/p>\n","protected":false},"author":783,"featured_media":0,"parent":0,"menu_order":0,"comment_status":"closed","ping_status":"closed","template":"","meta":{"colormag_page_layout":"default_layout","footnotes":""},"class_list":["post-40","page","type-page","status-publish","hentry"],"_links":{"self":[{"href":"https:\/\/a-lan.se\/index.php?rest_route=\/wp\/v2\/pages\/40","targetHints":{"allow":["GET"]}}],"collection":[{"href":"https:\/\/a-lan.se\/index.php?rest_route=\/wp\/v2\/pages"}],"about":[{"href":"https:\/\/a-lan.se\/index.php?rest_route=\/wp\/v2\/types\/page"}],"author":[{"embeddable":true,"href":"https:\/\/a-lan.se\/index.php?rest_route=\/wp\/v2\/users\/783"}],"replies":[{"embeddable":true,"href":"https:\/\/a-lan.se\/index.php?rest_route=%2Fwp%2Fv2%2Fcomments&post=40"}],"version-history":[{"count":8,"href":"https:\/\/a-lan.se\/index.php?rest_route=\/wp\/v2\/pages\/40\/revisions"}],"predecessor-version":[{"id":4882,"href":"https:\/\/a-lan.se\/index.php?rest_route=\/wp\/v2\/pages\/40\/revisions\/4882"}],"wp:attachment":[{"href":"https:\/\/a-lan.se\/index.php?rest_route=%2Fwp%2Fv2%2Fmedia&parent=40"}],"curies":[{"name":"wp","href":"https:\/\/api.w.org\/{rel}","templated":true}]}}